{"id":5214,"date":"2022-08-10T07:41:46","date_gmt":"2022-08-10T07:41:46","guid":{"rendered":"https:\/\/www.salumificiozironi.it\/?post_type=product&#038;p=5214"},"modified":"2023-05-19T06:44:09","modified_gmt":"2023-05-19T06:44:09","slug":"fiocchetto-di-prosciutto-stagionato","status":"publish","type":"product","link":"https:\/\/www.salumificiozironi.it\/en\/shop\/fiocchetto-di-prosciutto-stagionato\/","title":{"rendered":"Fiocchetto di Prosciutto Stagionato"},"content":{"rendered":"<p>E\u2019 un prodotto della salumeria emiliana, apprezzato per la sua delicatezza in tutta la gastronomia italiana.<br \/>\nRicavato dalla coscia fresca di suino nazionale, \u00e8 la parte anatomica pi\u00f9 piccola rispetto al suo omologo maggiore che \u00e8 il Culatello.<br \/>\nLa lenta stagionatura conferisce al Fiocchetto di Prosciutto una dolcezza di sapore ed una raffinata delicatezza di gusto.<\/p>\n<p>Non contiene glutine e lattosio<\/p>\n<p>Peso Kg. 2.10<\/p>\n","protected":false},"excerpt":{"rendered":"<p><strong>Peso Kg. 2.10<\/strong><\/p>\n<p><strong>Non contiene glutine e lattosio<\/strong><\/p>\n<p>E\u2019 un prodotto della salumeria emiliana, apprezzato per la sua delicatezza in tutta la gastronomia italiana. Ricavato dalla coscia fresca di suino nazionale, \u00e8 la parte anatomica pi\u00f9 piccola rispetto al suo omologo maggiore che \u00e8 il Culatello. La lenta stagionatura conferisce al Fiocchetto di Prosciutto una dolcezza di sapore ed una raffinata delicatezza di gusto.<\/p>\n","protected":false},"featured_media":5205,"comment_status":"closed","ping_status":"closed","template":"","meta":[],"product_brand":[],"product_cat":[40],"product_tag":[99],"class_list":{"0":"post-5214","1":"product","2":"type-product","3":"status-publish","4":"has-post-thumbnail","6":"product_cat-gli-esclusivi","7":"product_tag-fiocchetto-di-prosciutto-stagionato","9":"first","10":"instock","11":"taxable","12":"shipping-taxable","13":"purchasable","14":"product-type-simple"},"yoast_head":"<!-- This site is optimized with the Yoast SEO plugin v27.5 - https:\/\/yoast.com\/product\/yoast-seo-wordpress\/ -->\n<title>Fiocchetto di Prosciutto Stagionato - Salumificio Zironi &amp; c. salami, salsiccia e insaccati italiani<\/title>\n<meta name=\"description\" content=\"Fiocchetto di Prosciutto Stagionato Salumificio Zironi &amp; c. salami, salsiccia e insaccati italiani Vendita e Produzione insaccati Italiani\" \/>\n<meta name=\"robots\" content=\"index, follow, max-snippet:-1, max-image-preview:large, max-video-preview:-1\" \/>\n<link rel=\"canonical\" href=\"https:\/\/www.salumificiozironi.it\/shop\/fiocchetto-di-prosciutto-stagionato\/\" \/>\n<meta property=\"og:locale\" content=\"en_US\" \/>\n<meta property=\"og:type\" content=\"article\" \/>\n<meta property=\"og:title\" content=\"Fiocchetto di Prosciutto Stagionato - Salumificio Zironi &amp; c. salami, salsiccia e insaccati italiani\" \/>\n<meta property=\"og:description\" content=\"Fiocchetto di Prosciutto Stagionato Salumificio Zironi &amp; c. salami, salsiccia e insaccati italiani Vendita e Produzione insaccati Italiani\" \/>\n<meta property=\"og:url\" content=\"https:\/\/www.salumificiozironi.it\/shop\/fiocchetto-di-prosciutto-stagionato\/\" \/>\n<meta property=\"og:site_name\" content=\"Salumificio Zironi &amp; c. salami, salsiccia e insaccati italiani\" \/>\n<meta property=\"article:modified_time\" content=\"2023-05-19T06:44:09+00:00\" \/>\n<meta property=\"og:image\" content=\"https:\/\/www.salumificiozironi.it\/wp-content\/uploads\/2022\/08\/culatello.jpg\" \/>\n\t<meta property=\"og:image:width\" content=\"1000\" \/>\n\t<meta property=\"og:image:height\" content=\"1000\" \/>\n\t<meta property=\"og:image:type\" content=\"image\/jpeg\" \/>\n<meta name=\"twitter:card\" content=\"summary_large_image\" \/>\n<meta name=\"twitter:label1\" content=\"Est. reading time\" \/>\n\t<meta name=\"twitter:data1\" content=\"1 minute\" \/>\n<script type=\"application\/ld+json\" class=\"yoast-schema-graph\">{\"@context\":\"https:\\\/\\\/schema.org\",\"@graph\":[{\"@type\":\"WebPage\",\"@id\":\"https:\\\/\\\/www.salumificiozironi.it\\\/shop\\\/fiocchetto-di-prosciutto-stagionato\\\/\",\"url\":\"https:\\\/\\\/www.salumificiozironi.it\\\/shop\\\/fiocchetto-di-prosciutto-stagionato\\\/\",\"name\":\"Fiocchetto di Prosciutto Stagionato - Salumificio Zironi &amp; c. salami, salsiccia e insaccati italiani\",\"isPartOf\":{\"@id\":\"https:\\\/\\\/www.salumificiozironi.it\\\/#website\"},\"primaryImageOfPage\":{\"@id\":\"https:\\\/\\\/www.salumificiozironi.it\\\/shop\\\/fiocchetto-di-prosciutto-stagionato\\\/#primaryimage\"},\"image\":{\"@id\":\"https:\\\/\\\/www.salumificiozironi.it\\\/shop\\\/fiocchetto-di-prosciutto-stagionato\\\/#primaryimage\"},\"thumbnailUrl\":\"https:\\\/\\\/www.salumificiozironi.it\\\/wp-content\\\/uploads\\\/2022\\\/08\\\/culatello.jpg\",\"datePublished\":\"2022-08-10T07:41:46+00:00\",\"dateModified\":\"2023-05-19T06:44:09+00:00\",\"description\":\"Fiocchetto di Prosciutto Stagionato Salumificio Zironi &amp; c. salami, salsiccia e insaccati italiani Vendita e Produzione insaccati Italiani\",\"breadcrumb\":{\"@id\":\"https:\\\/\\\/www.salumificiozironi.it\\\/shop\\\/fiocchetto-di-prosciutto-stagionato\\\/#breadcrumb\"},\"inLanguage\":\"en-US\",\"potentialAction\":[{\"@type\":\"ReadAction\",\"target\":[\"https:\\\/\\\/www.salumificiozironi.it\\\/shop\\\/fiocchetto-di-prosciutto-stagionato\\\/\"]}]},{\"@type\":\"ImageObject\",\"inLanguage\":\"en-US\",\"@id\":\"https:\\\/\\\/www.salumificiozironi.it\\\/shop\\\/fiocchetto-di-prosciutto-stagionato\\\/#primaryimage\",\"url\":\"https:\\\/\\\/www.salumificiozironi.it\\\/wp-content\\\/uploads\\\/2022\\\/08\\\/culatello.jpg\",\"contentUrl\":\"https:\\\/\\\/www.salumificiozironi.it\\\/wp-content\\\/uploads\\\/2022\\\/08\\\/culatello.jpg\",\"width\":1000,\"height\":1000},{\"@type\":\"BreadcrumbList\",\"@id\":\"https:\\\/\\\/www.salumificiozironi.it\\\/shop\\\/fiocchetto-di-prosciutto-stagionato\\\/#breadcrumb\",\"itemListElement\":[{\"@type\":\"ListItem\",\"position\":1,\"name\":\"Home\",\"item\":\"https:\\\/\\\/www.salumificiozironi.it\\\/en\\\/\"},{\"@type\":\"ListItem\",\"position\":2,\"name\":\"Shop\",\"item\":\"https:\\\/\\\/www.salumificiozironi.it\\\/shop\\\/\"},{\"@type\":\"ListItem\",\"position\":3,\"name\":\"Fiocchetto di Prosciutto Stagionato\"}]},{\"@type\":\"WebSite\",\"@id\":\"https:\\\/\\\/www.salumificiozironi.it\\\/#website\",\"url\":\"https:\\\/\\\/www.salumificiozironi.it\\\/\",\"name\":\"Salumificio Zironi &amp; c. salami, salsiccia e insaccati italiani\",\"description\":\"Vendita e Produzione insaccati Italiani\",\"potentialAction\":[{\"@type\":\"SearchAction\",\"target\":{\"@type\":\"EntryPoint\",\"urlTemplate\":\"https:\\\/\\\/www.salumificiozironi.it\\\/?s={search_term_string}\"},\"query-input\":{\"@type\":\"PropertyValueSpecification\",\"valueRequired\":true,\"valueName\":\"search_term_string\"}}],\"inLanguage\":\"en-US\"}]}<\/script>\n<!-- \/ Yoast SEO plugin. -->","yoast_head_json":{"title":"Fiocchetto di Prosciutto Stagionato - Salumificio Zironi &amp; c. salami, salsiccia e insaccati italiani","description":"Fiocchetto di Prosciutto Stagionato Salumificio Zironi &amp; c. salami, salsiccia e insaccati italiani Vendita e Produzione insaccati Italiani","robots":{"index":"index","follow":"follow","max-snippet":"max-snippet:-1","max-image-preview":"max-image-preview:large","max-video-preview":"max-video-preview:-1"},"canonical":"https:\/\/www.salumificiozironi.it\/shop\/fiocchetto-di-prosciutto-stagionato\/","og_locale":"en_US","og_type":"article","og_title":"Fiocchetto di Prosciutto Stagionato - Salumificio Zironi &amp; c. salami, salsiccia e insaccati italiani","og_description":"Fiocchetto di Prosciutto Stagionato Salumificio Zironi &amp; c. salami, salsiccia e insaccati italiani Vendita e Produzione insaccati Italiani","og_url":"https:\/\/www.salumificiozironi.it\/shop\/fiocchetto-di-prosciutto-stagionato\/","og_site_name":"Salumificio Zironi &amp; c. salami, salsiccia e insaccati italiani","article_modified_time":"2023-05-19T06:44:09+00:00","og_image":[{"width":1000,"height":1000,"url":"https:\/\/www.salumificiozironi.it\/wp-content\/uploads\/2022\/08\/culatello.jpg","type":"image\/jpeg"}],"twitter_card":"summary_large_image","twitter_misc":{"Est. reading time":"1 minute"},"schema":{"@context":"https:\/\/schema.org","@graph":[{"@type":"WebPage","@id":"https:\/\/www.salumificiozironi.it\/shop\/fiocchetto-di-prosciutto-stagionato\/","url":"https:\/\/www.salumificiozironi.it\/shop\/fiocchetto-di-prosciutto-stagionato\/","name":"Fiocchetto di Prosciutto Stagionato - Salumificio Zironi &amp; c. salami, salsiccia e insaccati italiani","isPartOf":{"@id":"https:\/\/www.salumificiozironi.it\/#website"},"primaryImageOfPage":{"@id":"https:\/\/www.salumificiozironi.it\/shop\/fiocchetto-di-prosciutto-stagionato\/#primaryimage"},"image":{"@id":"https:\/\/www.salumificiozironi.it\/shop\/fiocchetto-di-prosciutto-stagionato\/#primaryimage"},"thumbnailUrl":"https:\/\/www.salumificiozironi.it\/wp-content\/uploads\/2022\/08\/culatello.jpg","datePublished":"2022-08-10T07:41:46+00:00","dateModified":"2023-05-19T06:44:09+00:00","description":"Fiocchetto di Prosciutto Stagionato Salumificio Zironi &amp; c. salami, salsiccia e insaccati italiani Vendita e Produzione insaccati Italiani","breadcrumb":{"@id":"https:\/\/www.salumificiozironi.it\/shop\/fiocchetto-di-prosciutto-stagionato\/#breadcrumb"},"inLanguage":"en-US","potentialAction":[{"@type":"ReadAction","target":["https:\/\/www.salumificiozironi.it\/shop\/fiocchetto-di-prosciutto-stagionato\/"]}]},{"@type":"ImageObject","inLanguage":"en-US","@id":"https:\/\/www.salumificiozironi.it\/shop\/fiocchetto-di-prosciutto-stagionato\/#primaryimage","url":"https:\/\/www.salumificiozironi.it\/wp-content\/uploads\/2022\/08\/culatello.jpg","contentUrl":"https:\/\/www.salumificiozironi.it\/wp-content\/uploads\/2022\/08\/culatello.jpg","width":1000,"height":1000},{"@type":"BreadcrumbList","@id":"https:\/\/www.salumificiozironi.it\/shop\/fiocchetto-di-prosciutto-stagionato\/#breadcrumb","itemListElement":[{"@type":"ListItem","position":1,"name":"Home","item":"https:\/\/www.salumificiozironi.it\/en\/"},{"@type":"ListItem","position":2,"name":"Shop","item":"https:\/\/www.salumificiozironi.it\/shop\/"},{"@type":"ListItem","position":3,"name":"Fiocchetto di Prosciutto Stagionato"}]},{"@type":"WebSite","@id":"https:\/\/www.salumificiozironi.it\/#website","url":"https:\/\/www.salumificiozironi.it\/","name":"Salumificio Zironi &amp; c. salami, salsiccia e insaccati italiani","description":"Vendita e Produzione insaccati Italiani","potentialAction":[{"@type":"SearchAction","target":{"@type":"EntryPoint","urlTemplate":"https:\/\/www.salumificiozironi.it\/?s={search_term_string}"},"query-input":{"@type":"PropertyValueSpecification","valueRequired":true,"valueName":"search_term_string"}}],"inLanguage":"en-US"}]}},"_links":{"self":[{"href":"https:\/\/www.salumificiozironi.it\/en\/wp-json\/wp\/v2\/product\/5214","targetHints":{"allow":["GET"]}}],"collection":[{"href":"https:\/\/www.salumificiozironi.it\/en\/wp-json\/wp\/v2\/product"}],"about":[{"href":"https:\/\/www.salumificiozironi.it\/en\/wp-json\/wp\/v2\/types\/product"}],"replies":[{"embeddable":true,"href":"https:\/\/www.salumificiozironi.it\/en\/wp-json\/wp\/v2\/comments?post=5214"}],"wp:featuredmedia":[{"embeddable":true,"href":"https:\/\/www.salumificiozironi.it\/en\/wp-json\/wp\/v2\/media\/5205"}],"wp:attachment":[{"href":"https:\/\/www.salumificiozironi.it\/en\/wp-json\/wp\/v2\/media?parent=5214"}],"wp:term":[{"taxonomy":"product_brand","embeddable":true,"href":"https:\/\/www.salumificiozironi.it\/en\/wp-json\/wp\/v2\/product_brand?post=5214"},{"taxonomy":"product_cat","embeddable":true,"href":"https:\/\/www.salumificiozironi.it\/en\/wp-json\/wp\/v2\/product_cat?post=5214"},{"taxonomy":"product_tag","embeddable":true,"href":"https:\/\/www.salumificiozironi.it\/en\/wp-json\/wp\/v2\/product_tag?post=5214"}],"curies":[{"name":"wp","href":"https:\/\/api.w.org\/{rel}","templated":true}]}}