{"id":1903,"date":"2019-03-27T09:23:58","date_gmt":"2019-03-27T09:23:58","guid":{"rendered":"http:\/\/www.salumificiozironi.it\/prodotti\/import-placeholder-for-83\/"},"modified":"2025-10-27T08:04:02","modified_gmt":"2025-10-27T08:04:02","slug":"zampone-delicato-cotto","status":"publish","type":"product","link":"https:\/\/www.salumificiozironi.it\/en\/shop\/zampone-delicato-cotto\/","title":{"rendered":"Zampone Delicato Cotto"},"content":{"rendered":"<p style=\"text-align: justify\">Da antica ricetta dei nonni modenesi fondatori dell\u2019Azienda il nostro zampone \u00e8 ottenuto da un trito di cotenne e carni di suino nazionali impastate con vino bianco, sale, pepe, aromatizzato con noce moscata ed insaccato nella pelle della zampa di suino legata a mano Accompagnato dal classico pur\u00e8 di patate \u00e8 una delle pi\u00f9 buone ed appetitose pietanze da sempre.<\/p>\n<p>&nbsp;<\/p>\n","protected":false},"excerpt":{"rendered":"<p><strong>Peso (kg):<\/strong> &#8211; 0.950<\/p>\n<p><strong>Prodotto Senza Glutine e Lattosio<\/strong><\/p>\n<p style=\"text-align: justify\">Antica ricetta modenese dei fondatori dell&#8217;azienda, accompagnato dal classico pur\u00e8 di patate \u00e8 una delle pi\u00f9 buone ed appetitose pietanze da sempre.<\/p>\n","protected":false},"featured_media":4129,"comment_status":"closed","ping_status":"closed","template":"","meta":[],"product_brand":[],"product_cat":[87],"product_tag":[65],"class_list":{"0":"post-1903","1":"product","2":"type-product","3":"status-publish","4":"has-post-thumbnail","6":"product_cat-i-delicati","7":"product_tag-zampone-cotto","9":"first","10":"instock","11":"taxable","12":"shipping-taxable","13":"purchasable","14":"product-type-simple"},"yoast_head":"<!-- This site is optimized with the Yoast SEO plugin v27.4 - https:\/\/yoast.com\/product\/yoast-seo-wordpress\/ -->\n<title>Zampone Delicato Cotto - Salumificio Zironi &amp; c. salami, salsiccia e insaccati italiani<\/title>\n<meta name=\"description\" content=\"Zampone Delicato Cotto Salumificio Zironi &amp; c. salami, salsiccia e insaccati italiani Vendita e Produzione insaccati Italiani\" \/>\n<meta name=\"robots\" content=\"index, follow, max-snippet:-1, max-image-preview:large, max-video-preview:-1\" \/>\n<link rel=\"canonical\" href=\"https:\/\/www.salumificiozironi.it\/shop\/zampone-delicato-cotto\/\" \/>\n<meta property=\"og:locale\" content=\"en_US\" \/>\n<meta property=\"og:type\" content=\"article\" \/>\n<meta property=\"og:title\" content=\"Zampone Delicato Cotto - Salumificio Zironi &amp; c. salami, salsiccia e insaccati italiani\" \/>\n<meta property=\"og:description\" content=\"Zampone Delicato Cotto Salumificio Zironi &amp; c. salami, salsiccia e insaccati italiani Vendita e Produzione insaccati Italiani\" \/>\n<meta property=\"og:url\" content=\"https:\/\/www.salumificiozironi.it\/shop\/zampone-delicato-cotto\/\" \/>\n<meta property=\"og:site_name\" content=\"Salumificio Zironi &amp; c. salami, salsiccia e insaccati italiani\" \/>\n<meta property=\"article:modified_time\" content=\"2025-10-27T08:04:02+00:00\" \/>\n<meta property=\"og:image\" content=\"https:\/\/www.salumificiozironi.it\/wp-content\/uploads\/2019\/03\/i-delicati-zampone-cotto2.jpg\" \/>\n\t<meta property=\"og:image:width\" content=\"1000\" \/>\n\t<meta property=\"og:image:height\" content=\"1000\" \/>\n\t<meta property=\"og:image:type\" content=\"image\/jpeg\" \/>\n<meta name=\"twitter:card\" content=\"summary_large_image\" \/>\n<script type=\"application\/ld+json\" class=\"yoast-schema-graph\">{\"@context\":\"https:\\\/\\\/schema.org\",\"@graph\":[{\"@type\":\"WebPage\",\"@id\":\"https:\\\/\\\/www.salumificiozironi.it\\\/shop\\\/zampone-delicato-cotto\\\/\",\"url\":\"https:\\\/\\\/www.salumificiozironi.it\\\/shop\\\/zampone-delicato-cotto\\\/\",\"name\":\"Zampone Delicato Cotto - Salumificio Zironi &amp; c. salami, salsiccia e insaccati italiani\",\"isPartOf\":{\"@id\":\"https:\\\/\\\/www.salumificiozironi.it\\\/#website\"},\"primaryImageOfPage\":{\"@id\":\"https:\\\/\\\/www.salumificiozironi.it\\\/shop\\\/zampone-delicato-cotto\\\/#primaryimage\"},\"image\":{\"@id\":\"https:\\\/\\\/www.salumificiozironi.it\\\/shop\\\/zampone-delicato-cotto\\\/#primaryimage\"},\"thumbnailUrl\":\"https:\\\/\\\/www.salumificiozironi.it\\\/wp-content\\\/uploads\\\/2019\\\/03\\\/i-delicati-zampone-cotto2.jpg\",\"datePublished\":\"2019-03-27T09:23:58+00:00\",\"dateModified\":\"2025-10-27T08:04:02+00:00\",\"description\":\"Zampone Delicato Cotto Salumificio Zironi &amp; c. salami, salsiccia e insaccati italiani Vendita e Produzione insaccati Italiani\",\"breadcrumb\":{\"@id\":\"https:\\\/\\\/www.salumificiozironi.it\\\/shop\\\/zampone-delicato-cotto\\\/#breadcrumb\"},\"inLanguage\":\"en-US\",\"potentialAction\":[{\"@type\":\"ReadAction\",\"target\":[\"https:\\\/\\\/www.salumificiozironi.it\\\/shop\\\/zampone-delicato-cotto\\\/\"]}]},{\"@type\":\"ImageObject\",\"inLanguage\":\"en-US\",\"@id\":\"https:\\\/\\\/www.salumificiozironi.it\\\/shop\\\/zampone-delicato-cotto\\\/#primaryimage\",\"url\":\"https:\\\/\\\/www.salumificiozironi.it\\\/wp-content\\\/uploads\\\/2019\\\/03\\\/i-delicati-zampone-cotto2.jpg\",\"contentUrl\":\"https:\\\/\\\/www.salumificiozironi.it\\\/wp-content\\\/uploads\\\/2019\\\/03\\\/i-delicati-zampone-cotto2.jpg\",\"width\":1000,\"height\":1000},{\"@type\":\"BreadcrumbList\",\"@id\":\"https:\\\/\\\/www.salumificiozironi.it\\\/shop\\\/zampone-delicato-cotto\\\/#breadcrumb\",\"itemListElement\":[{\"@type\":\"ListItem\",\"position\":1,\"name\":\"Home\",\"item\":\"https:\\\/\\\/www.salumificiozironi.it\\\/en\\\/\"},{\"@type\":\"ListItem\",\"position\":2,\"name\":\"Shop\",\"item\":\"https:\\\/\\\/www.salumificiozironi.it\\\/shop\\\/\"},{\"@type\":\"ListItem\",\"position\":3,\"name\":\"Zampone Delicato Cotto\"}]},{\"@type\":\"WebSite\",\"@id\":\"https:\\\/\\\/www.salumificiozironi.it\\\/#website\",\"url\":\"https:\\\/\\\/www.salumificiozironi.it\\\/\",\"name\":\"Salumificio Zironi &amp; c. salami, salsiccia e insaccati italiani\",\"description\":\"Vendita e Produzione insaccati Italiani\",\"potentialAction\":[{\"@type\":\"SearchAction\",\"target\":{\"@type\":\"EntryPoint\",\"urlTemplate\":\"https:\\\/\\\/www.salumificiozironi.it\\\/?s={search_term_string}\"},\"query-input\":{\"@type\":\"PropertyValueSpecification\",\"valueRequired\":true,\"valueName\":\"search_term_string\"}}],\"inLanguage\":\"en-US\"}]}<\/script>\n<!-- \/ Yoast SEO plugin. -->","yoast_head_json":{"title":"Zampone Delicato Cotto - Salumificio Zironi &amp; c. salami, salsiccia e insaccati italiani","description":"Zampone Delicato Cotto Salumificio Zironi &amp; c. salami, salsiccia e insaccati italiani Vendita e Produzione insaccati Italiani","robots":{"index":"index","follow":"follow","max-snippet":"max-snippet:-1","max-image-preview":"max-image-preview:large","max-video-preview":"max-video-preview:-1"},"canonical":"https:\/\/www.salumificiozironi.it\/shop\/zampone-delicato-cotto\/","og_locale":"en_US","og_type":"article","og_title":"Zampone Delicato Cotto - Salumificio Zironi &amp; c. salami, salsiccia e insaccati italiani","og_description":"Zampone Delicato Cotto Salumificio Zironi &amp; c. salami, salsiccia e insaccati italiani Vendita e Produzione insaccati Italiani","og_url":"https:\/\/www.salumificiozironi.it\/shop\/zampone-delicato-cotto\/","og_site_name":"Salumificio Zironi &amp; c. salami, salsiccia e insaccati italiani","article_modified_time":"2025-10-27T08:04:02+00:00","og_image":[{"width":1000,"height":1000,"url":"https:\/\/www.salumificiozironi.it\/wp-content\/uploads\/2019\/03\/i-delicati-zampone-cotto2.jpg","type":"image\/jpeg"}],"twitter_card":"summary_large_image","schema":{"@context":"https:\/\/schema.org","@graph":[{"@type":"WebPage","@id":"https:\/\/www.salumificiozironi.it\/shop\/zampone-delicato-cotto\/","url":"https:\/\/www.salumificiozironi.it\/shop\/zampone-delicato-cotto\/","name":"Zampone Delicato Cotto - Salumificio Zironi &amp; c. salami, salsiccia e insaccati italiani","isPartOf":{"@id":"https:\/\/www.salumificiozironi.it\/#website"},"primaryImageOfPage":{"@id":"https:\/\/www.salumificiozironi.it\/shop\/zampone-delicato-cotto\/#primaryimage"},"image":{"@id":"https:\/\/www.salumificiozironi.it\/shop\/zampone-delicato-cotto\/#primaryimage"},"thumbnailUrl":"https:\/\/www.salumificiozironi.it\/wp-content\/uploads\/2019\/03\/i-delicati-zampone-cotto2.jpg","datePublished":"2019-03-27T09:23:58+00:00","dateModified":"2025-10-27T08:04:02+00:00","description":"Zampone Delicato Cotto Salumificio Zironi &amp; c. salami, salsiccia e insaccati italiani Vendita e Produzione insaccati Italiani","breadcrumb":{"@id":"https:\/\/www.salumificiozironi.it\/shop\/zampone-delicato-cotto\/#breadcrumb"},"inLanguage":"en-US","potentialAction":[{"@type":"ReadAction","target":["https:\/\/www.salumificiozironi.it\/shop\/zampone-delicato-cotto\/"]}]},{"@type":"ImageObject","inLanguage":"en-US","@id":"https:\/\/www.salumificiozironi.it\/shop\/zampone-delicato-cotto\/#primaryimage","url":"https:\/\/www.salumificiozironi.it\/wp-content\/uploads\/2019\/03\/i-delicati-zampone-cotto2.jpg","contentUrl":"https:\/\/www.salumificiozironi.it\/wp-content\/uploads\/2019\/03\/i-delicati-zampone-cotto2.jpg","width":1000,"height":1000},{"@type":"BreadcrumbList","@id":"https:\/\/www.salumificiozironi.it\/shop\/zampone-delicato-cotto\/#breadcrumb","itemListElement":[{"@type":"ListItem","position":1,"name":"Home","item":"https:\/\/www.salumificiozironi.it\/en\/"},{"@type":"ListItem","position":2,"name":"Shop","item":"https:\/\/www.salumificiozironi.it\/shop\/"},{"@type":"ListItem","position":3,"name":"Zampone Delicato Cotto"}]},{"@type":"WebSite","@id":"https:\/\/www.salumificiozironi.it\/#website","url":"https:\/\/www.salumificiozironi.it\/","name":"Salumificio Zironi &amp; c. salami, salsiccia e insaccati italiani","description":"Vendita e Produzione insaccati Italiani","potentialAction":[{"@type":"SearchAction","target":{"@type":"EntryPoint","urlTemplate":"https:\/\/www.salumificiozironi.it\/?s={search_term_string}"},"query-input":{"@type":"PropertyValueSpecification","valueRequired":true,"valueName":"search_term_string"}}],"inLanguage":"en-US"}]}},"_links":{"self":[{"href":"https:\/\/www.salumificiozironi.it\/en\/wp-json\/wp\/v2\/product\/1903","targetHints":{"allow":["GET"]}}],"collection":[{"href":"https:\/\/www.salumificiozironi.it\/en\/wp-json\/wp\/v2\/product"}],"about":[{"href":"https:\/\/www.salumificiozironi.it\/en\/wp-json\/wp\/v2\/types\/product"}],"replies":[{"embeddable":true,"href":"https:\/\/www.salumificiozironi.it\/en\/wp-json\/wp\/v2\/comments?post=1903"}],"wp:featuredmedia":[{"embeddable":true,"href":"https:\/\/www.salumificiozironi.it\/en\/wp-json\/wp\/v2\/media\/4129"}],"wp:attachment":[{"href":"https:\/\/www.salumificiozironi.it\/en\/wp-json\/wp\/v2\/media?parent=1903"}],"wp:term":[{"taxonomy":"product_brand","embeddable":true,"href":"https:\/\/www.salumificiozironi.it\/en\/wp-json\/wp\/v2\/product_brand?post=1903"},{"taxonomy":"product_cat","embeddable":true,"href":"https:\/\/www.salumificiozironi.it\/en\/wp-json\/wp\/v2\/product_cat?post=1903"},{"taxonomy":"product_tag","embeddable":true,"href":"https:\/\/www.salumificiozironi.it\/en\/wp-json\/wp\/v2\/product_tag?post=1903"}],"curies":[{"name":"wp","href":"https:\/\/api.w.org\/{rel}","templated":true}]}}